{"id":122,"date":"2024-10-31T20:02:50","date_gmt":"2024-10-31T20:02:50","guid":{"rendered":"https:\/\/playable.no\/?page_id=122"},"modified":"2024-10-31T20:04:42","modified_gmt":"2024-10-31T20:04:42","slug":"playable","status":"publish","type":"page","link":"https:\/\/playable.no\/","title":{"rendered":"Playable."},"content":{"rendered":"<p>[et_pb_section fb_built=&raquo;1&#8243; admin_label=&raquo;Header&raquo; _builder_version=&raquo;4.27.2&#8243; _module_preset=&raquo;default&raquo; background_color=&raquo;#FFFFFF&raquo; overflow-x=&raquo;hidden&raquo; overflow-y=&raquo;hidden&raquo; custom_margin=&raquo;3px|30px|3px|30px|true|true&raquo; custom_padding=&raquo;5px||0px|||&raquo; hover_enabled=&raquo;0&#8243; border_radii=&raquo;on|10px|10px|10px|10px&raquo; collapsed=&raquo;on&raquo; global_colors_info=&raquo;{}&raquo; theme_builder_area=&raquo;post_content&raquo; sticky_enabled=&raquo;0&#8243;][et_pb_row column_structure=&raquo;1_2,1_2&#8243; make_equal=&raquo;on&raquo; _builder_version=&raquo;4.22.0&#8243; _module_preset=&raquo;default&raquo; background_enable_color=&raquo;off&raquo; custom_padding=&raquo;5px||0px|||&raquo; hover_enabled=&raquo;0&#8243; global_colors_info=&raquo;{%22gcid-fc7b31e8-94d8-4560-b647-c33fa43cc805%22:%91%22background_color%22%93}&raquo; theme_builder_area=&raquo;post_content&raquo; sticky_enabled=&raquo;0&#8243;][et_pb_column type=&raquo;1_2&#8243; _builder_version=&raquo;4.22.0&#8243; _module_preset=&raquo;default&raquo; z_index=&raquo;10&#8243; custom_padding=&raquo;6vw||6vw||true|false&raquo; custom_padding_tablet=&raquo;|30px|||true|false&raquo; custom_padding_phone=&raquo;|20px|||true|false&raquo; custom_padding_last_edited=&raquo;on|tablet&raquo; global_colors_info=&raquo;{}&raquo; theme_builder_area=&raquo;post_content&raquo;][et_pb_text _builder_version=&raquo;4.25.2&#8243; _module_preset=&raquo;52d2c39e-f36d-49aa-bce1-42ec81af5e78&#8243; global_colors_info=&raquo;{}&raquo; theme_builder_area=&raquo;post_content&raquo;]<\/p>\n<h4>Komersielle strategier<\/h4>\n<p>[\/et_pb_text][et_pb_text _builder_version=&raquo;4.25.2&#8243; _module_preset=&raquo;a330627b-653b-4d9a-9661-0f7742dfb71b&raquo; header_font_size=&raquo;63px&raquo; custom_margin=&raquo;||10px||false|false&raquo; global_colors_info=&raquo;{}&raquo; theme_builder_area=&raquo;post_content&raquo;]<\/p>\n<h1><span>Din strategiske sparringpartner.<\/span><\/h1>\n<p>[\/et_pb_text][et_pb_text _builder_version=&raquo;4.25.2&#8243; _module_preset=&raquo;06eaa433-0d75-409d-ac8f-aefa67bccb07&#8243; global_colors_info=&raquo;{}&raquo; theme_builder_area=&raquo;post_content&raquo;]<\/p>\n<p><span>Playable hjelper sine kundar p\u00e5 vegen mot robuste produkt- og prisstrategiar. <\/span><span>Dei beste i ein marknad har \u00abspelbare produktstrategiar\u00bb. Aktive, dynamiske og ser muligheter uavhengig av marknadssituasjon. Dei tar initiativ, er innovative og har ein klar retning.<\/span><\/p>\n<p>[\/et_pb_text][et_pb_button button_text=&raquo;Kontakt oss&raquo; _builder_version=&raquo;4.25.2&#8243; _module_preset=&raquo;fd404ed7-18a0-4229-a865-675a76a8549a&raquo; global_colors_info=&raquo;{}&raquo; theme_builder_area=&raquo;post_content&raquo;][\/et_pb_button][\/et_pb_column][et_pb_column type=&raquo;1_2&#8243; _builder_version=&raquo;4.22.0&#8243; _module_preset=&raquo;default&raquo; global_colors_info=&raquo;{}&raquo; theme_builder_area=&raquo;post_content&raquo;][et_pb_image src=&raquo;https:\/\/playable.no\/wp-content\/uploads\/2024\/09\/oma.jpeg&raquo; title_text=&raquo;oma&raquo; show_bottom_space=&raquo;off&raquo; _builder_version=&raquo;4.25.2&#8243; _module_preset=&raquo;default&raquo; custom_margin=&raquo;|-10vw|||false|false&raquo; custom_margin_tablet=&raquo;|0vw|||false|false&raquo; custom_margin_phone=&raquo;|0vw|||false|false&raquo; custom_margin_last_edited=&raquo;on|tablet&raquo; global_colors_info=&raquo;{}&raquo; theme_builder_area=&raquo;post_content&raquo;][\/et_pb_image][\/et_pb_column][\/et_pb_row][\/et_pb_section][et_pb_section fb_built=&raquo;1&#8243; admin_label=&raquo;Services&raquo; _builder_version=&raquo;4.22.0&#8243; _module_preset=&raquo;default&raquo; custom_padding=&raquo;7px||7px|||&raquo; collapsed=&raquo;on&raquo; global_colors_info=&raquo;{}&raquo; theme_builder_area=&raquo;post_content&raquo;][et_pb_row column_structure=&raquo;1_3,1_3,1_3&#8243; use_custom_gutter=&raquo;on&raquo; gutter_width=&raquo;2&#8243; _builder_version=&raquo;4.25.2&#8243; _module_preset=&raquo;default&raquo; global_colors_info=&raquo;{}&raquo; theme_builder_area=&raquo;post_content&raquo;][et_pb_column type=&raquo;1_3&#8243; _builder_version=&raquo;4.25.2&#8243; _module_preset=&raquo;default&raquo; global_colors_info=&raquo;{}&raquo; theme_builder_area=&raquo;post_content&raquo;][et_pb_icon font_icon=&raquo;&#xf091;||fa||900&#8243; icon_color=&raquo;#000000&#8243; _builder_version=&raquo;4.27.2&#8243; _module_preset=&raquo;default&raquo; hover_enabled=&raquo;0&#8243; global_colors_info=&raquo;{}&raquo; theme_builder_area=&raquo;post_content&raquo; icon_width=&raquo;25px&raquo; sticky_enabled=&raquo;0&#8243;][\/et_pb_icon][et_pb_text _builder_version=&raquo;4.25.2&#8243; _module_preset=&raquo;2cb3a7de-0315-4de5-9696-420e2d0b6bc1&#8243; header_3_font_size=&raquo;34px&raquo; text_orientation=&raquo;center&raquo; custom_margin=&raquo;||10px||false|false&raquo; global_colors_info=&raquo;{}&raquo; theme_builder_area=&raquo;post_content&raquo;]<\/p>\n<h3>Vinnande produktstrategi<\/h3>\n<p>[\/et_pb_text][et_pb_text _builder_version=&raquo;4.25.2&#8243; _module_preset=&raquo;default&raquo; hover_enabled=&raquo;0&#8243; global_colors_info=&raquo;{}&raquo; theme_builder_area=&raquo;post_content&raquo; sticky_enabled=&raquo;0&#8243;]<\/p>\n<p style=\"text-align: center;\"><span>Dei beste har \u00abspelbare produktstrategiar\u00bb. Playable analyserer, evaluerer og trimmer produkt- og prisstrategien, s\u00e5 den blir motoren i bedriftens kommersielle strategiar. Eit velpr\u00f8vd rammeverk hjelper din bedrift fr\u00e5 teori til praktisk implementering.<\/span><\/p>\n<p>[\/et_pb_text][\/et_pb_column][et_pb_column type=&raquo;1_3&#8243; _builder_version=&raquo;4.25.2&#8243; _module_preset=&raquo;default&raquo; global_colors_info=&raquo;{}&raquo; theme_builder_area=&raquo;post_content&raquo;][et_pb_icon font_icon=&raquo;&#xe068;||fa||900&#8243; icon_color=&raquo;#000000&#8243; _builder_version=&raquo;4.27.2&#8243; _module_preset=&raquo;default&raquo; hover_enabled=&raquo;0&#8243; global_colors_info=&raquo;{}&raquo; theme_builder_area=&raquo;post_content&raquo; icon_width=&raquo;25px&raquo; sticky_enabled=&raquo;0&#8243;][\/et_pb_icon][et_pb_text _builder_version=&raquo;4.25.2&#8243; _module_preset=&raquo;2cb3a7de-0315-4de5-9696-420e2d0b6bc1&#8243; header_3_font_size=&raquo;34px&raquo; text_orientation=&raquo;center&raquo; custom_margin=&raquo;||10px||false|false&raquo; global_colors_info=&raquo;{}&raquo; theme_builder_area=&raquo;post_content&raquo;]<\/p>\n<h3>Kommersiell mobilisering<\/h3>\n<p>[\/et_pb_text][et_pb_text _builder_version=&raquo;4.25.2&#8243; _module_preset=&raquo;default&raquo; global_colors_info=&raquo;{}&raquo; theme_builder_area=&raquo;post_content&raquo;]<\/p>\n<p style=\"text-align: center;\"><span>\u00a0Utfordrer, fasiliterer og hjelper med dei f\u00f8rste viktige stegene i utvikling og kommersielle endringsprosessar. Tilpassa og tilrettelagt for din situasjon, eller gjennom standardiserte mentortjenester. Det tyngste med endring er \u00e5 koma i gang. Det vanskelige er \u00e5 gjere endringane varige.<\/span><\/p>\n<p>[\/et_pb_text][\/et_pb_column][et_pb_column type=&raquo;1_3&#8243; _builder_version=&raquo;4.25.2&#8243; _module_preset=&raquo;default&raquo; global_colors_info=&raquo;{}&raquo; theme_builder_area=&raquo;post_content&raquo;][et_pb_icon font_icon=&raquo;&#xf075;||fa||400&#8243; icon_color=&raquo;#000000&#8243; _builder_version=&raquo;4.27.2&#8243; _module_preset=&raquo;default&raquo; hover_enabled=&raquo;0&#8243; global_colors_info=&raquo;{}&raquo; theme_builder_area=&raquo;post_content&raquo; icon_width=&raquo;25px&raquo; sticky_enabled=&raquo;0&#8243;][\/et_pb_icon][et_pb_text _builder_version=&raquo;4.25.2&#8243; _module_preset=&raquo;2cb3a7de-0315-4de5-9696-420e2d0b6bc1&#8243; header_3_font_size=&raquo;34px&raquo; text_orientation=&raquo;center&raquo; custom_margin=&raquo;||10px||false|false&raquo; global_colors_info=&raquo;{}&raquo; theme_builder_area=&raquo;post_content&raquo;]<\/p>\n<h3>Kommunikasjons- strategi<\/h3>\n<p>[\/et_pb_text][et_pb_text _builder_version=&raquo;4.27.2&#8243; _module_preset=&raquo;default&raquo; hover_enabled=&raquo;0&#8243; global_colors_info=&raquo;{}&raquo; theme_builder_area=&raquo;post_content&raquo; sticky_enabled=&raquo;0&#8243;]<\/p>\n<p style=\"text-align: center;\"><span>L\u00f8ft merkevare- og kommunikasjonsprosessen med heilhetlige kommersielle strategiar. S\u00f8rg for at du alltid har eit aktuelt budskap, samtidig som du skaper eit einhetlig og tydelig uttrykk i salgs- og markedsarbeidet.<\/span><\/p>\n<p><span><\/span><\/p>\n<p>[\/et_pb_text][\/et_pb_column][\/et_pb_row][\/et_pb_section][et_pb_section fb_built=&raquo;1&#8243; specialty=&raquo;on&raquo; admin_label=&raquo;Feature&raquo; _builder_version=&raquo;4.27.2&#8243; _module_preset=&raquo;default&raquo; hover_enabled=&raquo;0&#8243; collapsed=&raquo;on&raquo; global_colors_info=&raquo;{}&raquo; theme_builder_area=&raquo;post_content&raquo; background_color=&raquo;#FFFFFF&raquo; sticky_enabled=&raquo;0&#8243; custom_padding=&raquo;10px||19px|||&raquo;][et_pb_column type=&raquo;1_2&#8243; _builder_version=&raquo;4.16&#8243; _module_preset=&raquo;default&raquo; custom_padding=&raquo;|||&raquo; global_colors_info=&raquo;{}&raquo; custom_padding__hover=&raquo;|||&raquo; theme_builder_area=&raquo;post_content&raquo;][et_pb_image src=&raquo;https:\/\/playable.no\/wp-content\/uploads\/2024\/10\/strategi-m.jpg&raquo; title_text=&raquo;strategi m&raquo; _builder_version=&raquo;4.27.2&#8243; _module_preset=&raquo;default&raquo; custom_margin=&raquo;|||-20vw|false|false&raquo; hover_enabled=&raquo;0&#8243; border_radii=&raquo;on|10px|10px|10px|10px&raquo; locked=&raquo;off&raquo; global_colors_info=&raquo;{}&raquo; theme_builder_area=&raquo;post_content&raquo; sticky_enabled=&raquo;0&#8243;][\/et_pb_image][\/et_pb_column][et_pb_column type=&raquo;1_2&#8243; specialty_columns=&raquo;2&#8243; _builder_version=&raquo;4.16&#8243; _module_preset=&raquo;default&raquo; custom_padding=&raquo;|||&raquo; global_colors_info=&raquo;{}&raquo; custom_padding__hover=&raquo;|||&raquo; theme_builder_area=&raquo;post_content&raquo;][et_pb_row_inner _builder_version=&raquo;4.22.0&#8243; _module_preset=&raquo;default&raquo; global_colors_info=&raquo;{}&raquo; theme_builder_area=&raquo;post_content&raquo; custom_padding=&raquo;||8px|||&raquo;][et_pb_column_inner saved_specialty_column_type=&raquo;1_2&#8243; _builder_version=&raquo;4.22.0&#8243; _module_preset=&raquo;default&raquo; global_colors_info=&raquo;{}&raquo; theme_builder_area=&raquo;post_content&raquo;][et_pb_text _builder_version=&raquo;4.25.2&#8243; _module_preset=&raquo;c8494d41-ea65-437e-9f82-b0d9de6c1ca7&#8243; locked=&raquo;off&raquo; global_colors_info=&raquo;{}&raquo; theme_builder_area=&raquo;post_content&raquo; custom_margin=&raquo;||-7px|||&raquo;]<\/p>\n<h2>Hvem er Playable?<\/h2>\n<p>[\/et_pb_text][\/et_pb_column_inner][\/et_pb_row_inner][et_pb_row_inner _builder_version=&raquo;4.27.2&#8243; _module_preset=&raquo;default&raquo; theme_builder_area=&raquo;post_content&raquo; custom_padding=&raquo;5px|||||&raquo; hover_enabled=&raquo;0&#8243; sticky_enabled=&raquo;0&#8243;][et_pb_column_inner saved_specialty_column_type=&raquo;1_2&#8243; _builder_version=&raquo;4.27.2&#8243; _module_preset=&raquo;default&raquo; theme_builder_area=&raquo;post_content&raquo;][et_pb_text _builder_version=&raquo;4.27.2&#8243; _module_preset=&raquo;default&raquo; theme_builder_area=&raquo;post_content&raquo; hover_enabled=&raquo;0&#8243; sticky_enabled=&raquo;0&#8243; text_font=&raquo;||||||||&raquo;]<\/p>\n<p>Dei middelm\u00e5dige har \u00abikkje-spelbare produktstrategiar\u00bb og opererer i bakgrunnen. F\u00f8lger rutinar, gjer det same dag ut og dag inn og er utan ein klar ambisjon. Som ein sidekarakterar i ein film.<\/p>\n<p>Inspirert av utdanning innan spelteori og konkurransestrategi, og kommersielle leiarroller innan produktledelse og teknologiutvikling, har Trygve Oma to ti\u00e5rs erfaring med \u00e5 utvikle og bygge velpr\u00f8vde differensierte og vinnande produktstrategiar innan ei rekke bransjar og kundesegment. Med sterke resultat for str\u00f8m og telecom, har kunden alltid st\u00e5tt i sentrum av merksemda.<\/p>\n<p>Playable sitt m\u00e5l er \u00e5 hjelpe framtidas vinnarar \u00e5 realisere sine ambisjonar. \u00a0Saman med kunden , brukarane og samarbeidspartnerar gjer vi vegen mot m\u00e5let kortare.<\/p>\n<p>[\/et_pb_text][\/et_pb_column_inner][\/et_pb_row_inner][\/et_pb_column][\/et_pb_section][et_pb_section fb_built=&raquo;1&#8243; admin_label=&raquo;Testimonials&raquo; _builder_version=&raquo;4.22.0&#8243; _module_preset=&raquo;default&raquo; background_color=&raquo;gcid-fc7b31e8-94d8-4560-b647-c33fa43cc805&#8243; width_tablet=&raquo;80%&raquo; width_phone=&raquo;80%&raquo; width_last_edited=&raquo;off|tablet&raquo; custom_margin=&raquo;2px|30px|2px|30px|true|true&raquo; module_alignment_tablet=&raquo;center&raquo; module_alignment_phone=&raquo;center&raquo; module_alignment_last_edited=&raquo;on|desktop&raquo; border_radii=&raquo;on|10px|10px|10px|10px&raquo; saved_tabs=&raquo;all&raquo; collapsed=&raquo;on&raquo; global_colors_info=&raquo;{%22gcid-fc7b31e8-94d8-4560-b647-c33fa43cc805%22:%91%22background_color%22%93}&raquo; theme_builder_area=&raquo;post_content&raquo; custom_padding=&raquo;9px|||||&raquo;][et_pb_row _builder_version=&raquo;4.22.0&#8243; _module_preset=&raquo;default&raquo; global_colors_info=&raquo;{}&raquo; theme_builder_area=&raquo;post_content&raquo;][et_pb_column type=&raquo;4_4&#8243; _builder_version=&raquo;4.22.0&#8243; _module_preset=&raquo;default&raquo; global_colors_info=&raquo;{}&raquo; theme_builder_area=&raquo;post_content&raquo;][et_pb_text _builder_version=&raquo;4.27.2&#8243; _module_preset=&raquo;c8494d41-ea65-437e-9f82-b0d9de6c1ca7&#8243; text_orientation=&raquo;center&raquo; hover_enabled=&raquo;0&#8243; global_colors_info=&raquo;{}&raquo; theme_builder_area=&raquo;post_content&raquo; sticky_enabled=&raquo;0&#8243;]<\/p>\n<h2>V\u00e5re kunder<\/h2>\n<p>[\/et_pb_text][\/et_pb_column][\/et_pb_row][et_pb_row _builder_version=&raquo;4.22.0&#8243; _module_preset=&raquo;default&raquo; background_color=&raquo;#FFFFFF&raquo; width=&raquo;90%&raquo; border_radii=&raquo;on|10px|10px|10px|10px&raquo; global_colors_info=&raquo;{}&raquo; theme_builder_area=&raquo;post_content&raquo; custom_padding=&raquo;||6px|||&raquo;][et_pb_column type=&raquo;4_4&#8243; _builder_version=&raquo;4.22.0&#8243; _module_preset=&raquo;default&raquo; global_colors_info=&raquo;{}&raquo; theme_builder_area=&raquo;post_content&raquo;][et_pb_slider _builder_version=&raquo;4.27.2&#8243; _module_preset=&raquo;a4a65323-b06a-4036-933d-d19343fcfcb3&#8243; custom_padding=&raquo;1px||80px||false|false&raquo; custom_padding_tablet=&raquo;0px||60px||false|false&raquo; custom_padding_phone=&raquo;0px||||false|false&raquo; custom_padding_last_edited=&raquo;on|phone&raquo; hover_enabled=&raquo;0&#8243; locked=&raquo;off&raquo; global_colors_info=&raquo;{}&raquo; theme_builder_area=&raquo;post_content&raquo; sticky_enabled=&raquo;0&#8243;][et_pb_slide heading=&raquo;%22Produkt- og prisstrategiar er d\u00e5rlig h\u00e5ndtert og neglisjert i dei aller fleste bedrifter. Du med di erfaring kan g\u00e5 inn og l\u00f8fte marknadsarbeidet kor som helst.%22&#8243; _builder_version=&raquo;4.27.2&#8243; _module_preset=&raquo;default&raquo; hover_enabled=&raquo;0&#8243; locked=&raquo;off&raquo; global_colors_info=&raquo;{}&raquo; sticky_transition=&raquo;on&raquo; theme_builder_area=&raquo;post_content&raquo; sticky_enabled=&raquo;0&#8243;]<\/p>\n<p><span>Toppkvalifisert leiar<\/span><\/p>\n<p>[\/et_pb_slide][\/et_pb_slider][\/et_pb_column][\/et_pb_row][\/et_pb_section][et_pb_section fb_built=&raquo;1&#8243; theme_builder_area=&raquo;post_content&raquo; _builder_version=&raquo;4.27.2&#8243; _module_preset=&raquo;default&raquo; custom_padding=&raquo;||0px|||&raquo;][et_pb_row _builder_version=&raquo;4.27.2&#8243; _module_preset=&raquo;default&raquo; theme_builder_area=&raquo;post_content&raquo; hover_enabled=&raquo;0&#8243; sticky_enabled=&raquo;0&#8243; custom_padding=&raquo;7px|||||&raquo;][et_pb_column _builder_version=&raquo;4.27.2&#8243; _module_preset=&raquo;default&raquo; type=&raquo;4_4&#8243; theme_builder_area=&raquo;post_content&raquo;][et_pb_contact_form captcha=&raquo;off&raquo; _builder_version=&raquo;4.27.2&#8243; _module_preset=&raquo;default&raquo; _unique_id=&raquo;3b9ff40e-5f34-4f1e-8605-88cf2b55a7ef&raquo; form_field_background_color=&raquo;RGBA(255,255,255,0)&raquo; form_field_text_color=&raquo;#000000&#8243; form_field_custom_padding=&raquo;16px|24px|16px|24px|true|true&raquo; form_field_font=&raquo;Inter|700||on|||||&raquo; form_field_letter_spacing=&raquo;0.16em&raquo; custom_button=&raquo;on&raquo; button_text_size=&raquo;14px&raquo; button_text_color=&raquo;#000000&#8243; button_bg_color=&raquo;#FFFFFF&raquo; button_border_color=&raquo;#000000&#8243; button_border_radius=&raquo;2px&raquo; button_letter_spacing=&raquo;0.16em&raquo; button_font=&raquo;Inter|700||on|||||&raquo; button_custom_padding=&raquo;12px|24px|12px|24px|true|true&raquo; hover_enabled=&raquo;0&#8243; border_width_all=&raquo;2px&raquo; border_color_all=&raquo;#000000&#8243; box_shadow_style_button=&raquo;preset4&#8243; box_shadow_horizontal_button=&raquo;4px&raquo; box_shadow_vertical_button=&raquo;4px&raquo; box_shadow_color_button=&raquo;#000000&#8243; locked=&raquo;off&raquo; global_colors_info=&raquo;{}&raquo; theme_builder_area=&raquo;post_content&raquo; sticky_enabled=&raquo;0&#8243; success_message=&raquo;Takk for at du tok kontakt med oss. Vi svarer deg s\u00e5 snart vi kan!&raquo; title=&raquo;Kontakt oss&raquo; email=&raquo;trygve@playable.no&raquo;][et_pb_contact_field field_id=&raquo;navn&raquo; field_title=&raquo;Navn&raquo; fullwidth_field=&raquo;on&raquo; _builder_version=&raquo;4.27.2&#8243; _module_preset=&raquo;default&raquo; hover_enabled=&raquo;0&#8243; global_colors_info=&raquo;{}&raquo; button_text_size__hover_enabled=&raquo;off&raquo; button_one_text_size__hover_enabled=&raquo;off&raquo; button_two_text_size__hover_enabled=&raquo;off&raquo; button_text_color__hover_enabled=&raquo;off&raquo; button_one_text_color__hover_enabled=&raquo;off&raquo; button_two_text_color__hover_enabled=&raquo;off&raquo; button_border_width__hover_enabled=&raquo;off&raquo; button_one_border_width__hover_enabled=&raquo;off&raquo; button_two_border_width__hover_enabled=&raquo;off&raquo; button_border_color__hover_enabled=&raquo;off&raquo; button_one_border_color__hover_enabled=&raquo;off&raquo; button_two_border_color__hover_enabled=&raquo;off&raquo; button_border_radius__hover_enabled=&raquo;off&raquo; button_one_border_radius__hover_enabled=&raquo;off&raquo; button_two_border_radius__hover_enabled=&raquo;off&raquo; button_letter_spacing__hover_enabled=&raquo;off&raquo; button_one_letter_spacing__hover_enabled=&raquo;off&raquo; button_two_letter_spacing__hover_enabled=&raquo;off&raquo; button_bg_color__hover_enabled=&raquo;off&raquo; button_one_bg_color__hover_enabled=&raquo;off&raquo; button_two_bg_color__hover_enabled=&raquo;off&raquo; theme_builder_area=&raquo;post_content&raquo; sticky_enabled=&raquo;0&#8243;][\/et_pb_contact_field][et_pb_contact_field field_id=&raquo;epost&raquo; field_title=&raquo;Din epost&raquo; field_type=&raquo;email&raquo; fullwidth_field=&raquo;on&raquo; _builder_version=&raquo;4.27.2&#8243; _module_preset=&raquo;default&raquo; hover_enabled=&raquo;0&#8243; global_colors_info=&raquo;{}&raquo; button_text_size__hover_enabled=&raquo;off&raquo; button_one_text_size__hover_enabled=&raquo;off&raquo; button_two_text_size__hover_enabled=&raquo;off&raquo; button_text_color__hover_enabled=&raquo;off&raquo; button_one_text_color__hover_enabled=&raquo;off&raquo; button_two_text_color__hover_enabled=&raquo;off&raquo; button_border_width__hover_enabled=&raquo;off&raquo; button_one_border_width__hover_enabled=&raquo;off&raquo; button_two_border_width__hover_enabled=&raquo;off&raquo; button_border_color__hover_enabled=&raquo;off&raquo; button_one_border_color__hover_enabled=&raquo;off&raquo; button_two_border_color__hover_enabled=&raquo;off&raquo; button_border_radius__hover_enabled=&raquo;off&raquo; button_one_border_radius__hover_enabled=&raquo;off&raquo; button_two_border_radius__hover_enabled=&raquo;off&raquo; button_letter_spacing__hover_enabled=&raquo;off&raquo; button_one_letter_spacing__hover_enabled=&raquo;off&raquo; button_two_letter_spacing__hover_enabled=&raquo;off&raquo; button_bg_color__hover_enabled=&raquo;off&raquo; button_one_bg_color__hover_enabled=&raquo;off&raquo; button_two_bg_color__hover_enabled=&raquo;off&raquo; theme_builder_area=&raquo;post_content&raquo; sticky_enabled=&raquo;0&#8243;][\/et_pb_contact_field][et_pb_contact_field field_id=&raquo;melding&raquo; field_title=&raquo;Din meldling&raquo; field_type=&raquo;text&raquo; fullwidth_field=&raquo;on&raquo; _builder_version=&raquo;4.27.2&#8243; _module_preset=&raquo;default&raquo; hover_enabled=&raquo;0&#8243; global_colors_info=&raquo;{}&raquo; button_text_size__hover_enabled=&raquo;off&raquo; button_one_text_size__hover_enabled=&raquo;off&raquo; button_two_text_size__hover_enabled=&raquo;off&raquo; button_text_color__hover_enabled=&raquo;off&raquo; button_one_text_color__hover_enabled=&raquo;off&raquo; button_two_text_color__hover_enabled=&raquo;off&raquo; button_border_width__hover_enabled=&raquo;off&raquo; button_one_border_width__hover_enabled=&raquo;off&raquo; button_two_border_width__hover_enabled=&raquo;off&raquo; button_border_color__hover_enabled=&raquo;off&raquo; button_one_border_color__hover_enabled=&raquo;off&raquo; button_two_border_color__hover_enabled=&raquo;off&raquo; button_border_radius__hover_enabled=&raquo;off&raquo; button_one_border_radius__hover_enabled=&raquo;off&raquo; button_two_border_radius__hover_enabled=&raquo;off&raquo; button_letter_spacing__hover_enabled=&raquo;off&raquo; button_one_letter_spacing__hover_enabled=&raquo;off&raquo; button_two_letter_spacing__hover_enabled=&raquo;off&raquo; button_bg_color__hover_enabled=&raquo;off&raquo; button_one_bg_color__hover_enabled=&raquo;off&raquo; button_two_bg_color__hover_enabled=&raquo;off&raquo; theme_builder_area=&raquo;post_content&raquo; sticky_enabled=&raquo;0&#8243;][\/et_pb_contact_field][\/et_pb_contact_form][\/et_pb_column][\/et_pb_row][\/et_pb_section]<\/p>\n","protected":false},"excerpt":{"rendered":"<p>Komersielle strategierDin strategiske sparringpartner.Playable hjelper sine kundar p\u00e5 vegen mot robuste produkt- og prisstrategiar. Dei beste i ein marknad har \u00abspelbare produktstrategiar\u00bb. Aktive, dynamiske og ser muligheter uavhengig av marknadssituasjon. Dei tar initiativ, er innovative og har ein klar retning.Vinnande produktstrategiDei beste har \u00abspelbare produktstrategiar\u00bb. Playable analyserer, evaluerer og trimmer produkt- og prisstrategien, s\u00e5 den [&hellip;]<\/p>\n","protected":false},"author":1,"featured_media":0,"parent":0,"menu_order":0,"comment_status":"closed","ping_status":"closed","template":"","meta":{"_et_pb_use_builder":"on","_et_pb_old_content":"","_et_gb_content_width":"","footnotes":""},"class_list":["post-122","page","type-page","status-publish","hentry"],"_links":{"self":[{"href":"https:\/\/playable.no\/index.php?rest_route=\/wp\/v2\/pages\/122","targetHints":{"allow":["GET"]}}],"collection":[{"href":"https:\/\/playable.no\/index.php?rest_route=\/wp\/v2\/pages"}],"about":[{"href":"https:\/\/playable.no\/index.php?rest_route=\/wp\/v2\/types\/page"}],"author":[{"embeddable":true,"href":"https:\/\/playable.no\/index.php?rest_route=\/wp\/v2\/users\/1"}],"replies":[{"embeddable":true,"href":"https:\/\/playable.no\/index.php?rest_route=%2Fwp%2Fv2%2Fcomments&post=122"}],"version-history":[{"count":12,"href":"https:\/\/playable.no\/index.php?rest_route=\/wp\/v2\/pages\/122\/revisions"}],"predecessor-version":[{"id":154,"href":"https:\/\/playable.no\/index.php?rest_route=\/wp\/v2\/pages\/122\/revisions\/154"}],"wp:attachment":[{"href":"https:\/\/playable.no\/index.php?rest_route=%2Fwp%2Fv2%2Fmedia&parent=122"}],"curies":[{"name":"wp","href":"https:\/\/api.w.org\/{rel}","templated":true}]}}